{"id":6,"date":"2023-04-06T05:15:11","date_gmt":"2023-04-06T05:15:11","guid":{"rendered":"https:\/\/mau.pichetas.com\/?page_id=6"},"modified":"2023-04-07T03:16:55","modified_gmt":"2023-04-07T03:16:55","slug":"bautizo-de-mau","status":"publish","type":"page","link":"https:\/\/mau.pichetas.com\/?page_id=6","title":{"rendered":"Bautizo de Mau"},"content":{"rendered":"\t\t<div data-elementor-type=\"wp-page\" data-elementor-id=\"6\" class=\"elementor elementor-6\">\n\t\t\t\t\t\t<section class=\"elementor-section elementor-top-section elementor-element elementor-element-b2ad572 elementor-section-full_width elementor-section-stretched elementor-section-height-default elementor-section-height-default\" data-id=\"b2ad572\" data-element_type=\"section\" data-settings=\"{&quot;background_background&quot;:&quot;slideshow&quot;,&quot;background_slideshow_gallery&quot;:[{&quot;id&quot;:27,&quot;url&quot;:&quot;https:\\\/\\\/mau.pichetas.com\\\/wp-content\\\/uploads\\\/2023\\\/04\\\/back.jpg&quot;}],&quot;stretch_section&quot;:&quot;section-stretched&quot;,&quot;background_slideshow_loop&quot;:&quot;yes&quot;,&quot;background_slideshow_slide_duration&quot;:5000,&quot;background_slideshow_slide_transition&quot;:&quot;fade&quot;,&quot;background_slideshow_transition_duration&quot;:500}\">\n\t\t\t\t\t\t<div class=\"elementor-container elementor-column-gap-extended\">\n\t\t\t\t\t<div class=\"elementor-column elementor-col-50 elementor-top-column elementor-element elementor-element-e01af3d\" data-id=\"e01af3d\" data-element_type=\"column\">\n\t\t\t<div class=\"elementor-widget-wrap elementor-element-populated\">\n\t\t\t\t\t\t<div class=\"elementor-element elementor-element-8ec3a96 elementor-widget elementor-widget-image\" data-id=\"8ec3a96\" data-element_type=\"widget\" data-widget_type=\"image.default\">\n\t\t\t\t<div class=\"elementor-widget-container\">\n\t\t\t\t\t\t\t\t\t\t\t\t\t<img fetchpriority=\"high\" decoding=\"async\" width=\"1000\" height=\"1000\" src=\"https:\/\/mau.pichetas.com\/wp-content\/uploads\/2023\/04\/full.png\" class=\"attachment-large size-large wp-image-31\" alt=\"\" srcset=\"https:\/\/mau.pichetas.com\/wp-content\/uploads\/2023\/04\/full.png 1000w, https:\/\/mau.pichetas.com\/wp-content\/uploads\/2023\/04\/full-300x300.png 300w, https:\/\/mau.pichetas.com\/wp-content\/uploads\/2023\/04\/full-150x150.png 150w, https:\/\/mau.pichetas.com\/wp-content\/uploads\/2023\/04\/full-768x768.png 768w\" sizes=\"(max-width: 1000px) 100vw, 1000px\" \/>\t\t\t\t\t\t\t\t\t\t\t\t\t<\/div>\n\t\t\t\t<\/div>\n\t\t\t\t\t<\/div>\n\t\t<\/div>\n\t\t\t\t<div class=\"elementor-column elementor-col-50 elementor-top-column elementor-element elementor-element-bef92c8\" data-id=\"bef92c8\" data-element_type=\"column\">\n\t\t\t<div class=\"elementor-widget-wrap elementor-element-populated\">\n\t\t\t\t\t\t<div class=\"elementor-element elementor-element-1aa19f4 elementor-widget elementor-widget-image\" data-id=\"1aa19f4\" data-element_type=\"widget\" data-widget_type=\"image.default\">\n\t\t\t\t<div class=\"elementor-widget-container\">\n\t\t\t\t\t\t\t\t\t\t\t\t\t<img decoding=\"async\" width=\"1000\" height=\"1000\" src=\"https:\/\/mau.pichetas.com\/wp-content\/uploads\/2023\/04\/nube.png\" class=\"attachment-large size-large wp-image-26\" alt=\"\" srcset=\"https:\/\/mau.pichetas.com\/wp-content\/uploads\/2023\/04\/nube.png 1000w, https:\/\/mau.pichetas.com\/wp-content\/uploads\/2023\/04\/nube-300x300.png 300w, https:\/\/mau.pichetas.com\/wp-content\/uploads\/2023\/04\/nube-150x150.png 150w, https:\/\/mau.pichetas.com\/wp-content\/uploads\/2023\/04\/nube-768x768.png 768w\" sizes=\"(max-width: 1000px) 100vw, 1000px\" \/>\t\t\t\t\t\t\t\t\t\t\t\t\t<\/div>\n\t\t\t\t<\/div>\n\t\t\t\t\t<\/div>\n\t\t<\/div>\n\t\t\t\t\t<\/div>\n\t\t<\/section>\n\t\t\t\t<section class=\"elementor-section elementor-top-section elementor-element elementor-element-b2b2e93 elementor-section-boxed elementor-section-height-default elementor-section-height-default\" data-id=\"b2b2e93\" data-element_type=\"section\">\n\t\t\t\t\t\t<div class=\"elementor-container elementor-column-gap-default\">\n\t\t\t\t\t<div class=\"elementor-column elementor-col-100 elementor-top-column elementor-element elementor-element-af83bce\" data-id=\"af83bce\" data-element_type=\"column\">\n\t\t\t<div class=\"elementor-widget-wrap elementor-element-populated\">\n\t\t\t\t\t\t<div class=\"elementor-element elementor-element-b145c70 elementor-widget elementor-widget-heading\" data-id=\"b145c70\" data-element_type=\"widget\" data-widget_type=\"heading.default\">\n\t\t\t\t<div class=\"elementor-widget-container\">\n\t\t\t<h2 class=\"elementor-heading-title elementor-size-default\">Te esperamos este<\/h2>\t\t<\/div>\n\t\t\t\t<\/div>\n\t\t\t\t\t<\/div>\n\t\t<\/div>\n\t\t\t\t\t<\/div>\n\t\t<\/section>\n\t\t\t\t<section class=\"elementor-section elementor-top-section elementor-element elementor-element-8529c4a elementor-section-boxed elementor-section-height-default elementor-section-height-default\" data-id=\"8529c4a\" data-element_type=\"section\">\n\t\t\t\t\t\t<div class=\"elementor-container elementor-column-gap-default\">\n\t\t\t\t\t<div class=\"elementor-column elementor-col-100 elementor-top-column elementor-element elementor-element-99b05b2\" data-id=\"99b05b2\" data-element_type=\"column\">\n\t\t\t<div class=\"elementor-widget-wrap elementor-element-populated\">\n\t\t\t\t\t\t<div class=\"elementor-element elementor-element-604b99f elementor-widget elementor-widget-heading\" data-id=\"604b99f\" data-element_type=\"widget\" data-widget_type=\"heading.default\">\n\t\t\t\t<div class=\"elementor-widget-container\">\n\t\t\t<h2 class=\"elementor-heading-title elementor-size-default\">Domingo 30 de abril 2023 a partir de  las 13:00 hrs<\/h2>\t\t<\/div>\n\t\t\t\t<\/div>\n\t\t\t\t\t<\/div>\n\t\t<\/div>\n\t\t\t\t\t<\/div>\n\t\t<\/section>\n\t\t\t\t<section class=\"elementor-section elementor-top-section elementor-element elementor-element-45da9e7 elementor-section-boxed elementor-section-height-default elementor-section-height-default\" data-id=\"45da9e7\" data-element_type=\"section\">\n\t\t\t\t\t\t<div class=\"elementor-container elementor-column-gap-default\">\n\t\t\t\t\t<div class=\"elementor-column elementor-col-100 elementor-top-column elementor-element elementor-element-4a6622d\" data-id=\"4a6622d\" data-element_type=\"column\">\n\t\t\t<div class=\"elementor-widget-wrap elementor-element-populated\">\n\t\t\t\t\t\t<div class=\"elementor-element elementor-element-75703e5 elementor-widget elementor-widget-heading\" data-id=\"75703e5\" data-element_type=\"widget\" data-widget_type=\"heading.default\">\n\t\t\t\t<div class=\"elementor-widget-container\">\n\t\t\t<h4 class=\"elementor-heading-title elementor-size-default\">Ya solo faltan<\/h4>\t\t<\/div>\n\t\t\t\t<\/div>\n\t\t\t\t<div class=\"elementor-element elementor-element-1bed8ca elementor-widget elementor-widget-countdown-timer-widget\" data-id=\"1bed8ca\" data-element_type=\"widget\" data-widget_type=\"countdown-timer-widget.default\">\n\t\t\t\t<div class=\"elementor-widget-container\">\n\t\t\t\t\t<div class=\"countdown-timer-widget\">\n\t\t    <div id=\"countdown-timer-1bed8ca\" class=\"countdown-timer-init\"><\/div>\n\t\t\t<div id=\"finished-message-1bed8ca\" class=\"finished-message\"><\/div>\n\t\t<\/div>\n\t\t<script>\n\t\t\tjQuery(function(){\t\t\t\t\n\t\t\t\tjQuery('#countdown-timer-1bed8ca').countdowntimer({\n                    dateAndTime : \"2023\/04\/30 13:00\",\n                    regexpMatchFormat: \"([0-9]{1,3}):([0-9]{1,2}):([0-9]{1,2}):([0-9]{1,2})\",\n      \t\t\t\tregexpReplaceWith: \"<div class='countdown-items'><span class='ctw-digits'>$1<\/span><span class='ctw-label'>D\u00eda<\/span> <\/div> <div class='countdown-items'><span class='ctw-digits'>$2 <\/span><span class='ctw-label'>Hora<\/span><\/div><div class='countdown-items'> <span class='ctw-digits'> $3 <\/span><span class='ctw-label'>Minuto<\/span> <\/div>\",\t\t\t\t\t\n\t\t\t\t\t\t\t\t\t\ttimeUp : timeisUp,\t\t\t\t\t\n\t\t\t\t\t                });\n\t\t\t\t\n\t\t\t\t\t\t\t\t\t\t\t\t\n\t\t\t\t\tfunction timeisUp(){\t\t\t\t\t\t\n\t\t\t\t\t\tjQuery(\"#finished-message-1bed8ca\").html( \"<span>Sorry you are late!<\/span>\" );\n\t\t\t\t    }\n\t\t\t\t\t\t\t\t\t\n\t\t\t});\t\t    \n        <\/script>\n\t\t\t\t<\/div>\n\t\t\t\t<\/div>\n\t\t\t\t\t<\/div>\n\t\t<\/div>\n\t\t\t\t\t<\/div>\n\t\t<\/section>\n\t\t\t\t<section class=\"elementor-section elementor-top-section elementor-element elementor-element-f0e0791 elementor-section-boxed elementor-section-height-default elementor-section-height-default\" data-id=\"f0e0791\" data-element_type=\"section\">\n\t\t\t\t\t\t<div class=\"elementor-container elementor-column-gap-default\">\n\t\t\t\t\t<div class=\"elementor-column elementor-col-100 elementor-top-column elementor-element elementor-element-ea48260\" data-id=\"ea48260\" data-element_type=\"column\">\n\t\t\t<div class=\"elementor-widget-wrap elementor-element-populated\">\n\t\t\t\t\t\t<div class=\"elementor-element elementor-element-ba46b49 elementor-widget elementor-widget-image\" data-id=\"ba46b49\" data-element_type=\"widget\" data-widget_type=\"image.default\">\n\t\t\t\t<div class=\"elementor-widget-container\">\n\t\t\t\t\t\t\t\t\t\t\t\t\t<img decoding=\"async\" width=\"1000\" height=\"100\" src=\"https:\/\/mau.pichetas.com\/wp-content\/uploads\/2023\/04\/quinta.jpg\" class=\"attachment-large size-large wp-image-48\" alt=\"\" srcset=\"https:\/\/mau.pichetas.com\/wp-content\/uploads\/2023\/04\/quinta.jpg 1000w, https:\/\/mau.pichetas.com\/wp-content\/uploads\/2023\/04\/quinta-300x30.jpg 300w, https:\/\/mau.pichetas.com\/wp-content\/uploads\/2023\/04\/quinta-768x77.jpg 768w\" sizes=\"(max-width: 1000px) 100vw, 1000px\" \/>\t\t\t\t\t\t\t\t\t\t\t\t\t<\/div>\n\t\t\t\t<\/div>\n\t\t\t\t\t<\/div>\n\t\t<\/div>\n\t\t\t\t\t<\/div>\n\t\t<\/section>\n\t\t\t\t<section class=\"elementor-section elementor-top-section elementor-element elementor-element-74c4148 elementor-section-boxed elementor-section-height-default elementor-section-height-default\" data-id=\"74c4148\" data-element_type=\"section\">\n\t\t\t\t\t\t<div class=\"elementor-container elementor-column-gap-default\">\n\t\t\t\t\t<div class=\"elementor-column elementor-col-100 elementor-top-column elementor-element elementor-element-ad069c8\" data-id=\"ad069c8\" data-element_type=\"column\">\n\t\t\t<div class=\"elementor-widget-wrap elementor-element-populated\">\n\t\t\t\t\t\t<div class=\"elementor-element elementor-element-a0f401d elementor-widget elementor-widget-heading\" data-id=\"a0f401d\" data-element_type=\"widget\" data-widget_type=\"heading.default\">\n\t\t\t\t<div class=\"elementor-widget-container\">\n\t\t\t<h3 class=\"elementor-heading-title elementor-size-medium\">Recepci\u00f3n: Quinta Villalobos<\/h3>\t\t<\/div>\n\t\t\t\t<\/div>\n\t\t\t\t\t<\/div>\n\t\t<\/div>\n\t\t\t\t\t<\/div>\n\t\t<\/section>\n\t\t\t\t<section class=\"elementor-section elementor-top-section elementor-element elementor-element-c97bc0d elementor-section-boxed elementor-section-height-default elementor-section-height-default\" data-id=\"c97bc0d\" data-element_type=\"section\">\n\t\t\t\t\t\t<div class=\"elementor-container elementor-column-gap-default\">\n\t\t\t\t\t<div class=\"elementor-column elementor-col-33 elementor-top-column elementor-element elementor-element-24a6f9b\" data-id=\"24a6f9b\" data-element_type=\"column\">\n\t\t\t<div class=\"elementor-widget-wrap elementor-element-populated\">\n\t\t\t\t\t\t<div class=\"elementor-element elementor-element-dbc848c elementor-widget elementor-widget-image\" data-id=\"dbc848c\" data-element_type=\"widget\" data-widget_type=\"image.default\">\n\t\t\t\t<div class=\"elementor-widget-container\">\n\t\t\t\t\t\t\t\t\t\t\t\t\t<img loading=\"lazy\" decoding=\"async\" width=\"1000\" height=\"1000\" src=\"https:\/\/mau.pichetas.com\/wp-content\/uploads\/2023\/04\/01.jpg\" class=\"attachment-large size-large wp-image-51\" alt=\"\" srcset=\"https:\/\/mau.pichetas.com\/wp-content\/uploads\/2023\/04\/01.jpg 1000w, https:\/\/mau.pichetas.com\/wp-content\/uploads\/2023\/04\/01-300x300.jpg 300w, https:\/\/mau.pichetas.com\/wp-content\/uploads\/2023\/04\/01-150x150.jpg 150w, https:\/\/mau.pichetas.com\/wp-content\/uploads\/2023\/04\/01-768x768.jpg 768w\" sizes=\"(max-width: 1000px) 100vw, 1000px\" \/>\t\t\t\t\t\t\t\t\t\t\t\t\t<\/div>\n\t\t\t\t<\/div>\n\t\t\t\t\t<\/div>\n\t\t<\/div>\n\t\t\t\t<div class=\"elementor-column elementor-col-33 elementor-top-column elementor-element elementor-element-762ad2d\" data-id=\"762ad2d\" data-element_type=\"column\">\n\t\t\t<div class=\"elementor-widget-wrap elementor-element-populated\">\n\t\t\t\t\t\t<div class=\"elementor-element elementor-element-203c199 elementor-widget elementor-widget-image\" data-id=\"203c199\" data-element_type=\"widget\" data-widget_type=\"image.default\">\n\t\t\t\t<div class=\"elementor-widget-container\">\n\t\t\t\t\t\t\t\t\t\t\t\t\t<img loading=\"lazy\" decoding=\"async\" width=\"1000\" height=\"1000\" src=\"https:\/\/mau.pichetas.com\/wp-content\/uploads\/2023\/04\/02.jpg\" class=\"attachment-large size-large wp-image-50\" alt=\"\" srcset=\"https:\/\/mau.pichetas.com\/wp-content\/uploads\/2023\/04\/02.jpg 1000w, https:\/\/mau.pichetas.com\/wp-content\/uploads\/2023\/04\/02-300x300.jpg 300w, https:\/\/mau.pichetas.com\/wp-content\/uploads\/2023\/04\/02-150x150.jpg 150w, https:\/\/mau.pichetas.com\/wp-content\/uploads\/2023\/04\/02-768x768.jpg 768w\" sizes=\"(max-width: 1000px) 100vw, 1000px\" \/>\t\t\t\t\t\t\t\t\t\t\t\t\t<\/div>\n\t\t\t\t<\/div>\n\t\t\t\t\t<\/div>\n\t\t<\/div>\n\t\t\t\t<div class=\"elementor-column elementor-col-33 elementor-top-column elementor-element elementor-element-ed1c475\" data-id=\"ed1c475\" data-element_type=\"column\">\n\t\t\t<div class=\"elementor-widget-wrap elementor-element-populated\">\n\t\t\t\t\t\t<div class=\"elementor-element elementor-element-cec6ff0 elementor-widget elementor-widget-image\" data-id=\"cec6ff0\" data-element_type=\"widget\" data-widget_type=\"image.default\">\n\t\t\t\t<div class=\"elementor-widget-container\">\n\t\t\t\t\t\t\t\t\t\t\t\t\t<img loading=\"lazy\" decoding=\"async\" width=\"1000\" height=\"1000\" src=\"https:\/\/mau.pichetas.com\/wp-content\/uploads\/2023\/04\/03.jpg\" class=\"attachment-large size-large wp-image-49\" alt=\"\" srcset=\"https:\/\/mau.pichetas.com\/wp-content\/uploads\/2023\/04\/03.jpg 1000w, https:\/\/mau.pichetas.com\/wp-content\/uploads\/2023\/04\/03-300x300.jpg 300w, https:\/\/mau.pichetas.com\/wp-content\/uploads\/2023\/04\/03-150x150.jpg 150w, https:\/\/mau.pichetas.com\/wp-content\/uploads\/2023\/04\/03-768x768.jpg 768w\" sizes=\"(max-width: 1000px) 100vw, 1000px\" \/>\t\t\t\t\t\t\t\t\t\t\t\t\t<\/div>\n\t\t\t\t<\/div>\n\t\t\t\t\t<\/div>\n\t\t<\/div>\n\t\t\t\t\t<\/div>\n\t\t<\/section>\n\t\t\t\t<section class=\"elementor-section elementor-top-section elementor-element elementor-element-c57be92 elementor-section-boxed elementor-section-height-default elementor-section-height-default\" data-id=\"c57be92\" data-element_type=\"section\">\n\t\t\t\t\t\t<div class=\"elementor-container elementor-column-gap-default\">\n\t\t\t\t\t<div class=\"elementor-column elementor-col-100 elementor-top-column elementor-element elementor-element-86493f7\" data-id=\"86493f7\" data-element_type=\"column\">\n\t\t\t<div class=\"elementor-widget-wrap elementor-element-populated\">\n\t\t\t\t\t\t<div class=\"elementor-element elementor-element-5794c2f elementor-widget elementor-widget-text-editor\" data-id=\"5794c2f\" data-element_type=\"widget\" data-widget_type=\"text-editor.default\">\n\t\t\t\t<div class=\"elementor-widget-container\">\n\t\t\t\t\t\t\t<p>Direcci\u00f3n: Calle 41 entre 16 y 18 chichi Su\u00e1rez.<\/p>\t\t\t\t\t\t<\/div>\n\t\t\t\t<\/div>\n\t\t\t\t\t<\/div>\n\t\t<\/div>\n\t\t\t\t\t<\/div>\n\t\t<\/section>\n\t\t\t\t<section class=\"elementor-section elementor-top-section elementor-element elementor-element-4193637 elementor-section-boxed elementor-section-height-default elementor-section-height-default\" data-id=\"4193637\" data-element_type=\"section\">\n\t\t\t\t\t\t<div class=\"elementor-container elementor-column-gap-default\">\n\t\t\t\t\t<div class=\"elementor-column elementor-col-100 elementor-top-column elementor-element elementor-element-fa2623d\" data-id=\"fa2623d\" data-element_type=\"column\">\n\t\t\t<div class=\"elementor-widget-wrap elementor-element-populated\">\n\t\t\t\t\t\t<div class=\"elementor-element elementor-element-c0e2950 elementor-widget elementor-widget-google_maps\" data-id=\"c0e2950\" data-element_type=\"widget\" data-widget_type=\"google_maps.default\">\n\t\t\t\t<div class=\"elementor-widget-container\">\n\t\t\t\t\t<div class=\"elementor-custom-embed\">\n\t\t\t<iframe loading=\"lazy\"\n\t\t\t\t\tsrc=\"https:\/\/maps.google.com\/maps?q=Quinta%20Villalobos%20Merida&#038;t=m&#038;z=10&#038;output=embed&#038;iwloc=near\"\n\t\t\t\t\ttitle=\"Quinta Villalobos Merida\"\n\t\t\t\t\taria-label=\"Quinta Villalobos Merida\"\n\t\t\t><\/iframe>\n\t\t<\/div>\n\t\t\t\t<\/div>\n\t\t\t\t<\/div>\n\t\t\t\t\t<\/div>\n\t\t<\/div>\n\t\t\t\t\t<\/div>\n\t\t<\/section>\n\t\t\t\t<section class=\"elementor-section elementor-top-section elementor-element elementor-element-b90a272 elementor-section-boxed elementor-section-height-default elementor-section-height-default\" data-id=\"b90a272\" data-element_type=\"section\">\n\t\t\t\t\t\t<div class=\"elementor-container elementor-column-gap-default\">\n\t\t\t\t\t<div class=\"elementor-column elementor-col-100 elementor-top-column elementor-element elementor-element-0300f82\" data-id=\"0300f82\" data-element_type=\"column\">\n\t\t\t<div class=\"elementor-widget-wrap elementor-element-populated\">\n\t\t\t\t\t\t<div class=\"elementor-element elementor-element-28344bc elementor-widget elementor-widget-text-editor\" data-id=\"28344bc\" data-element_type=\"widget\" data-widget_type=\"text-editor.default\">\n\t\t\t\t<div class=\"elementor-widget-container\">\n\t\t\t\t\t\t\t<h2 class=\"elementor-image-box-title\">Lorena y Enrique<\/h2><p class=\"elementor-image-box-description\">Acomp\u00e1\u00f1anos a celebrar el bautizo de nuestro hijo <strong>Mau<\/strong> Estaremos muy contentos de contar con su presencia!<\/p>\t\t\t\t\t\t<\/div>\n\t\t\t\t<\/div>\n\t\t\t\t\t<\/div>\n\t\t<\/div>\n\t\t\t\t\t<\/div>\n\t\t<\/section>\n\t\t\t\t<section class=\"elementor-section elementor-top-section elementor-element elementor-element-68f5ba5 elementor-section-boxed elementor-section-height-default elementor-section-height-default\" data-id=\"68f5ba5\" data-element_type=\"section\">\n\t\t\t\t\t\t<div class=\"elementor-container elementor-column-gap-default\">\n\t\t\t\t\t<div class=\"elementor-column elementor-col-100 elementor-top-column elementor-element elementor-element-4731a20\" data-id=\"4731a20\" data-element_type=\"column\">\n\t\t\t<div class=\"elementor-widget-wrap elementor-element-populated\">\n\t\t\t\t\t\t<div class=\"elementor-element elementor-element-30c8685 elementor-align-justify elementor-widget elementor-widget-button\" data-id=\"30c8685\" data-element_type=\"widget\" data-widget_type=\"button.default\">\n\t\t\t\t<div class=\"elementor-widget-container\">\n\t\t\t\t\t<div class=\"elementor-button-wrapper\">\n\t\t\t<a class=\"elementor-button elementor-button-link elementor-size-lg\" href=\"#\">\n\t\t\t\t\t\t<span class=\"elementor-button-content-wrapper\">\n\t\t\t\t\t\t\t\t\t<span class=\"elementor-button-text\">Mi madrina<\/span>\n\t\t\t\t\t<\/span>\n\t\t\t\t\t<\/a>\n\t\t<\/div>\n\t\t\t\t<\/div>\n\t\t\t\t<\/div>\n\t\t\t\t\t<\/div>\n\t\t<\/div>\n\t\t\t\t\t<\/div>\n\t\t<\/section>\n\t\t\t\t<section class=\"elementor-section elementor-top-section elementor-element elementor-element-6337b8d elementor-section-boxed elementor-section-height-default elementor-section-height-default\" data-id=\"6337b8d\" data-element_type=\"section\">\n\t\t\t\t\t\t<div class=\"elementor-container elementor-column-gap-default\">\n\t\t\t\t\t<div class=\"elementor-column elementor-col-100 elementor-top-column elementor-element elementor-element-b0ce464\" data-id=\"b0ce464\" data-element_type=\"column\">\n\t\t\t<div class=\"elementor-widget-wrap elementor-element-populated\">\n\t\t\t\t\t\t<div class=\"elementor-element elementor-element-2231a95 elementor-widget elementor-widget-heading\" data-id=\"2231a95\" data-element_type=\"widget\" data-widget_type=\"heading.default\">\n\t\t\t\t<div class=\"elementor-widget-container\">\n\t\t\t<h3 class=\"elementor-heading-title elementor-size-default\">Yari Minelli Martinez Pech<\/h3>\t\t<\/div>\n\t\t\t\t<\/div>\n\t\t\t\t\t<\/div>\n\t\t<\/div>\n\t\t\t\t\t<\/div>\n\t\t<\/section>\n\t\t\t\t<section class=\"elementor-section elementor-top-section elementor-element elementor-element-4cc28d8 elementor-section-boxed elementor-section-height-default elementor-section-height-default\" data-id=\"4cc28d8\" data-element_type=\"section\">\n\t\t\t\t\t\t<div class=\"elementor-container elementor-column-gap-default\">\n\t\t\t\t\t<div class=\"elementor-column elementor-col-100 elementor-top-column elementor-element elementor-element-64f9bf7\" data-id=\"64f9bf7\" data-element_type=\"column\">\n\t\t\t<div class=\"elementor-widget-wrap\">\n\t\t\t\t\t\t\t<\/div>\n\t\t<\/div>\n\t\t\t\t\t<\/div>\n\t\t<\/section>\n\t\t\t\t<section class=\"elementor-section elementor-top-section elementor-element elementor-element-09d9ced elementor-section-boxed elementor-section-height-default elementor-section-height-default\" data-id=\"09d9ced\" data-element_type=\"section\">\n\t\t\t\t\t\t<div class=\"elementor-container elementor-column-gap-default\">\n\t\t\t\t\t<div class=\"elementor-column elementor-col-100 elementor-top-column elementor-element elementor-element-81f10e5\" data-id=\"81f10e5\" data-element_type=\"column\">\n\t\t\t<div class=\"elementor-widget-wrap elementor-element-populated\">\n\t\t\t\t\t\t<div class=\"elementor-element elementor-element-4705966 elementor-widget elementor-widget-spacer\" data-id=\"4705966\" data-element_type=\"widget\" data-widget_type=\"spacer.default\">\n\t\t\t\t<div class=\"elementor-widget-container\">\n\t\t\t\t\t<div class=\"elementor-spacer\">\n\t\t\t<div class=\"elementor-spacer-inner\"><\/div>\n\t\t<\/div>\n\t\t\t\t<\/div>\n\t\t\t\t<\/div>\n\t\t\t\t<div class=\"elementor-element elementor-element-4c95352 elementor-widget elementor-widget-heading\" data-id=\"4c95352\" data-element_type=\"widget\" data-widget_type=\"heading.default\">\n\t\t\t\t<div class=\"elementor-widget-container\">\n\t\t\t<h2 class=\"elementor-heading-title elementor-size-default\">\u00a1Te Esperamos!<\/h2>\t\t<\/div>\n\t\t\t\t<\/div>\n\t\t\t\t\t<\/div>\n\t\t<\/div>\n\t\t\t\t\t<\/div>\n\t\t<\/section>\n\t\t\t\t<\/div>\n\t\t","protected":false},"excerpt":{"rendered":"<p>Te esperamos este Domingo 30 de abril 2023 a partir de las 13:00 hrs Ya solo faltan Recepci\u00f3n: Quinta Villalobos Direcci\u00f3n: Calle 41 entre 16 y 18 chichi Su\u00e1rez. Lorena y Enrique Acomp\u00e1\u00f1anos a celebrar el bautizo de nuestro hijo Mau Estaremos muy contentos de contar con su presencia! Mi madrina Yari Minelli Martinez Pech [&hellip;]<\/p>\n","protected":false},"author":1,"featured_media":0,"parent":0,"menu_order":0,"comment_status":"closed","ping_status":"closed","template":"blank","meta":{"footnotes":""},"class_list":["post-6","page","type-page","status-publish","hentry"],"_links":{"self":[{"href":"https:\/\/mau.pichetas.com\/index.php?rest_route=\/wp\/v2\/pages\/6","targetHints":{"allow":["GET"]}}],"collection":[{"href":"https:\/\/mau.pichetas.com\/index.php?rest_route=\/wp\/v2\/pages"}],"about":[{"href":"https:\/\/mau.pichetas.com\/index.php?rest_route=\/wp\/v2\/types\/page"}],"author":[{"embeddable":true,"href":"https:\/\/mau.pichetas.com\/index.php?rest_route=\/wp\/v2\/users\/1"}],"replies":[{"embeddable":true,"href":"https:\/\/mau.pichetas.com\/index.php?rest_route=%2Fwp%2Fv2%2Fcomments&post=6"}],"version-history":[{"count":53,"href":"https:\/\/mau.pichetas.com\/index.php?rest_route=\/wp\/v2\/pages\/6\/revisions"}],"predecessor-version":[{"id":73,"href":"https:\/\/mau.pichetas.com\/index.php?rest_route=\/wp\/v2\/pages\/6\/revisions\/73"}],"wp:attachment":[{"href":"https:\/\/mau.pichetas.com\/index.php?rest_route=%2Fwp%2Fv2%2Fmedia&parent=6"}],"curies":[{"name":"wp","href":"https:\/\/api.w.org\/{rel}","templated":true}]}}